{"id":7,"date":"2020-09-28T07:26:02","date_gmt":"2020-09-28T05:26:02","guid":{"rendered":"http:\/\/artrenov974.com\/?page_id=7"},"modified":"2021-05-02T07:23:52","modified_gmt":"2021-05-02T05:23:52","slug":"maconnerie","status":"publish","type":"page","link":"https:\/\/artrenov974.com\/index.php\/maconnerie\/","title":{"rendered":"Ma\u00e7onnerie"},"content":{"rendered":"\t\t<div data-elementor-type=\"wp-page\" data-elementor-id=\"7\" class=\"elementor elementor-7\" data-elementor-settings=\"[]\">\n\t\t\t\t\t\t<div class=\"elementor-inner\">\n\t\t\t\t\t\t\t<div class=\"elementor-section-wrap\">\n\t\t\t\t\t\t\t<section class=\"elementor-section elementor-top-section elementor-element elementor-element-3aa4ab1 elementor-section-boxed elementor-section-height-default elementor-section-height-default\" data-id=\"3aa4ab1\" data-element_type=\"section\">\n\t\t\t\t\t\t<div class=\"elementor-container elementor-column-gap-default\">\n\t\t\t\t\t\t\t<div class=\"elementor-row\">\n\t\t\t\t\t<div class=\"elementor-column elementor-col-100 elementor-top-column elementor-element elementor-element-ea853fd\" data-id=\"ea853fd\" data-element_type=\"column\">\n\t\t\t<div class=\"elementor-column-wrap elementor-element-populated\">\n\t\t\t\t\t\t\t<div class=\"elementor-widget-wrap\">\n\t\t\t\t\t\t<div class=\"elementor-element elementor-element-0b27afb elementor-widget elementor-widget-heading\" data-id=\"0b27afb\" data-element_type=\"widget\" data-widget_type=\"heading.default\">\n\t\t\t\t<div class=\"elementor-widget-container\">\n\t\t\t<h2 class=\"elementor-heading-title elementor-size-default\">la ma\u00e7onnerie notre c\u0153ur de m\u00e9tier<\/h2>\t\t<\/div>\n\t\t\t\t<\/div>\n\t\t\t\t\t\t<\/div>\n\t\t\t\t\t<\/div>\n\t\t<\/div>\n\t\t\t\t\t\t\t\t<\/div>\n\t\t\t\t\t<\/div>\n\t\t<\/section>\n\t\t\t\t<section class=\"elementor-section elementor-top-section elementor-element elementor-element-4381f6f4 elementor-section-boxed elementor-section-height-default elementor-section-height-default\" data-id=\"4381f6f4\" data-element_type=\"section\">\n\t\t\t\t\t\t<div class=\"elementor-container elementor-column-gap-default\">\n\t\t\t\t\t\t\t<div class=\"elementor-row\">\n\t\t\t\t\t<div class=\"elementor-column elementor-col-100 elementor-top-column elementor-element elementor-element-2b053709\" data-id=\"2b053709\" data-element_type=\"column\">\n\t\t\t<div class=\"elementor-column-wrap elementor-element-populated\">\n\t\t\t\t\t\t\t<div class=\"elementor-widget-wrap\">\n\t\t\t\t\t\t<div class=\"elementor-element elementor-element-26ac5a80 elementor-widget elementor-widget-text-editor\" data-id=\"26ac5a80\" data-element_type=\"widget\" data-widget_type=\"text-editor.default\">\n\t\t\t\t<div class=\"elementor-widget-container\">\n\t\t\t\t\t\t\t\t<div class=\"elementor-text-editor elementor-clearfix\">\n\t\t\t\t\t<p>ArtRenov974 r\u00e9alise tous types de travaux de ma\u00e7onnerie : mur parpaings, mur banchers, cr\u00e9ations d&rsquo;ouvertures fen\u00eatres et portes, piscine en dur, mur de maison, clot\u00fbre&#8230;<\/p>\t\t\t\t\t<\/div>\n\t\t\t\t\t\t<\/div>\n\t\t\t\t<\/div>\n\t\t\t\t\t\t<\/div>\n\t\t\t\t\t<\/div>\n\t\t<\/div>\n\t\t\t\t\t\t\t\t<\/div>\n\t\t\t\t\t<\/div>\n\t\t<\/section>\n\t\t\t\t<section class=\"elementor-section elementor-top-section elementor-element elementor-element-5a1bc46 elementor-section-boxed elementor-section-height-default elementor-section-height-default\" data-id=\"5a1bc46\" data-element_type=\"section\">\n\t\t\t\t\t\t<div class=\"elementor-container elementor-column-gap-default\">\n\t\t\t\t\t\t\t<div class=\"elementor-row\">\n\t\t\t\t\t<div class=\"elementor-column elementor-col-100 elementor-top-column elementor-element elementor-element-f5301fc\" data-id=\"f5301fc\" data-element_type=\"column\">\n\t\t\t<div class=\"elementor-column-wrap elementor-element-populated\">\n\t\t\t\t\t\t\t<div class=\"elementor-widget-wrap\">\n\t\t\t\t\t\t<section class=\"elementor-section elementor-inner-section elementor-element elementor-element-95a8407 elementor-section-boxed elementor-section-height-default elementor-section-height-default\" data-id=\"95a8407\" data-element_type=\"section\">\n\t\t\t\t\t\t<div class=\"elementor-container elementor-column-gap-default\">\n\t\t\t\t\t\t\t<div class=\"elementor-row\">\n\t\t\t\t\t<div class=\"elementor-column elementor-col-50 elementor-inner-column elementor-element elementor-element-b2cd11a\" data-id=\"b2cd11a\" data-element_type=\"column\">\n\t\t\t<div class=\"elementor-column-wrap elementor-element-populated\">\n\t\t\t\t\t\t\t<div class=\"elementor-widget-wrap\">\n\t\t\t\t\t\t<div class=\"elementor-element elementor-element-5e858c0 elementor-widget elementor-widget-image\" data-id=\"5e858c0\" data-element_type=\"widget\" data-widget_type=\"image.default\">\n\t\t\t\t<div class=\"elementor-widget-container\">\n\t\t\t\t\t\t\t\t<div class=\"elementor-image\">\n\t\t\t\t\t\t\t\t\t\t\t\t<img width=\"600\" height=\"400\" src=\"https:\/\/artrenov974.com\/wp-content\/uploads\/2021\/03\/maconnerie.jpg\" class=\"attachment-large size-large\" alt=\"Mur en Parpaings\" loading=\"lazy\" srcset=\"https:\/\/artrenov974.com\/wp-content\/uploads\/2021\/03\/maconnerie.jpg 600w, https:\/\/artrenov974.com\/wp-content\/uploads\/2021\/03\/maconnerie-300x200.jpg 300w\" sizes=\"(max-width: 600px) 100vw, 600px\" \/>\t\t\t\t\t\t\t\t\t\t\t\t\t\t<\/div>\n\t\t\t\t\t\t<\/div>\n\t\t\t\t<\/div>\n\t\t\t\t\t\t<\/div>\n\t\t\t\t\t<\/div>\n\t\t<\/div>\n\t\t\t\t<div class=\"elementor-column elementor-col-50 elementor-inner-column elementor-element elementor-element-eb6bc19\" data-id=\"eb6bc19\" data-element_type=\"column\">\n\t\t\t<div class=\"elementor-column-wrap elementor-element-populated\">\n\t\t\t\t\t\t\t<div class=\"elementor-widget-wrap\">\n\t\t\t\t\t\t<div class=\"elementor-element elementor-element-fb79610 elementor-widget elementor-widget-image\" data-id=\"fb79610\" data-element_type=\"widget\" data-widget_type=\"image.default\">\n\t\t\t\t<div class=\"elementor-widget-container\">\n\t\t\t\t\t\t\t\t<div class=\"elementor-image\">\n\t\t\t\t\t\t\t\t\t\t\t\t<img width=\"640\" height=\"427\" src=\"https:\/\/artrenov974.com\/wp-content\/uploads\/2021\/03\/piscine-en-dur.jpg\" class=\"attachment-large size-large\" alt=\"Piscine en banchers\" loading=\"lazy\" srcset=\"https:\/\/artrenov974.com\/wp-content\/uploads\/2021\/03\/piscine-en-dur.jpg 1024w, https:\/\/artrenov974.com\/wp-content\/uploads\/2021\/03\/piscine-en-dur-300x200.jpg 300w, https:\/\/artrenov974.com\/wp-content\/uploads\/2021\/03\/piscine-en-dur-768x512.jpg 768w\" sizes=\"(max-width: 640px) 100vw, 640px\" \/>\t\t\t\t\t\t\t\t\t\t\t\t\t\t<\/div>\n\t\t\t\t\t\t<\/div>\n\t\t\t\t<\/div>\n\t\t\t\t\t\t<\/div>\n\t\t\t\t\t<\/div>\n\t\t<\/div>\n\t\t\t\t\t\t\t\t<\/div>\n\t\t\t\t\t<\/div>\n\t\t<\/section>\n\t\t\t\t\t\t<\/div>\n\t\t\t\t\t<\/div>\n\t\t<\/div>\n\t\t\t\t\t\t\t\t<\/div>\n\t\t\t\t\t<\/div>\n\t\t<\/section>\n\t\t\t\t<section class=\"elementor-section elementor-top-section elementor-element elementor-element-1207272 elementor-section-boxed elementor-section-height-default elementor-section-height-default\" data-id=\"1207272\" data-element_type=\"section\">\n\t\t\t\t\t\t<div class=\"elementor-container elementor-column-gap-default\">\n\t\t\t\t\t\t\t<div class=\"elementor-row\">\n\t\t\t\t\t<div class=\"elementor-column elementor-col-100 elementor-top-column elementor-element elementor-element-923cdfe\" data-id=\"923cdfe\" data-element_type=\"column\">\n\t\t\t<div class=\"elementor-column-wrap elementor-element-populated\">\n\t\t\t\t\t\t\t<div class=\"elementor-widget-wrap\">\n\t\t\t\t\t\t<div class=\"elementor-element elementor-element-03d1f70 elementor-widget elementor-widget-text-editor\" data-id=\"03d1f70\" data-element_type=\"widget\" data-widget_type=\"text-editor.default\">\n\t\t\t\t<div class=\"elementor-widget-container\">\n\t\t\t\t\t\t\t\t<div class=\"elementor-text-editor elementor-clearfix\">\n\t\t\t\t\t<p>Toute notre \u00e9quipe est disponible pour vous rendre service pour effectuer tous types de travaux dans le domaine du b\u00e2timent !<\/p>\t\t\t\t\t<\/div>\n\t\t\t\t\t\t<\/div>\n\t\t\t\t<\/div>\n\t\t\t\t\t\t<\/div>\n\t\t\t\t\t<\/div>\n\t\t<\/div>\n\t\t\t\t\t\t\t\t<\/div>\n\t\t\t\t\t<\/div>\n\t\t<\/section>\n\t\t\t\t<section class=\"elementor-section elementor-top-section elementor-element elementor-element-e22a3e2 elementor-section-boxed elementor-section-height-default elementor-section-height-default\" data-id=\"e22a3e2\" data-element_type=\"section\">\n\t\t\t\t\t\t<div class=\"elementor-container elementor-column-gap-default\">\n\t\t\t\t\t\t\t<div class=\"elementor-row\">\n\t\t\t\t\t<div class=\"elementor-column elementor-col-100 elementor-top-column elementor-element elementor-element-1a6b50b\" data-id=\"1a6b50b\" data-element_type=\"column\">\n\t\t\t<div class=\"elementor-column-wrap elementor-element-populated\">\n\t\t\t\t\t\t\t<div class=\"elementor-widget-wrap\">\n\t\t\t\t\t\t<section class=\"elementor-section elementor-inner-section elementor-element elementor-element-4717117 elementor-section-boxed elementor-section-height-default elementor-section-height-default\" data-id=\"4717117\" data-element_type=\"section\">\n\t\t\t\t\t\t<div class=\"elementor-container elementor-column-gap-default\">\n\t\t\t\t\t\t\t<div class=\"elementor-row\">\n\t\t\t\t\t<div class=\"elementor-column elementor-col-50 elementor-inner-column elementor-element elementor-element-7a52084\" data-id=\"7a52084\" data-element_type=\"column\">\n\t\t\t<div class=\"elementor-column-wrap elementor-element-populated\">\n\t\t\t\t\t\t\t<div class=\"elementor-widget-wrap\">\n\t\t\t\t\t\t<div class=\"elementor-element elementor-element-6e9e731 elementor-widget elementor-widget-image\" data-id=\"6e9e731\" data-element_type=\"widget\" data-widget_type=\"image.default\">\n\t\t\t\t<div class=\"elementor-widget-container\">\n\t\t\t\t\t\t\t\t<div class=\"elementor-image\">\n\t\t\t\t\t\t\t\t\t\t\t\t<img width=\"640\" height=\"427\" src=\"https:\/\/artrenov974.com\/wp-content\/uploads\/2021\/03\/mur-soutainnement.jpg\" class=\"attachment-large size-large\" alt=\"mur de soutainnement\" loading=\"lazy\" srcset=\"https:\/\/artrenov974.com\/wp-content\/uploads\/2021\/03\/mur-soutainnement.jpg 1024w, https:\/\/artrenov974.com\/wp-content\/uploads\/2021\/03\/mur-soutainnement-300x200.jpg 300w, https:\/\/artrenov974.com\/wp-content\/uploads\/2021\/03\/mur-soutainnement-768x512.jpg 768w\" sizes=\"(max-width: 640px) 100vw, 640px\" \/>\t\t\t\t\t\t\t\t\t\t\t\t\t\t<\/div>\n\t\t\t\t\t\t<\/div>\n\t\t\t\t<\/div>\n\t\t\t\t\t\t<\/div>\n\t\t\t\t\t<\/div>\n\t\t<\/div>\n\t\t\t\t<div class=\"elementor-column elementor-col-50 elementor-inner-column elementor-element elementor-element-97c3c15\" data-id=\"97c3c15\" data-element_type=\"column\">\n\t\t\t<div class=\"elementor-column-wrap elementor-element-populated\">\n\t\t\t\t\t\t\t<div class=\"elementor-widget-wrap\">\n\t\t\t\t\t\t<div class=\"elementor-element elementor-element-e651463 elementor-widget elementor-widget-image\" data-id=\"e651463\" data-element_type=\"widget\" data-widget_type=\"image.default\">\n\t\t\t\t<div class=\"elementor-widget-container\">\n\t\t\t\t\t\t\t\t<div class=\"elementor-image\">\n\t\t\t\t\t\t\t\t\t\t\t\t<img width=\"640\" height=\"427\" src=\"https:\/\/artrenov974.com\/wp-content\/uploads\/2021\/03\/ouverture-baie.jpg\" class=\"attachment-large size-large\" alt=\"ouverture de baie avec IPN\" loading=\"lazy\" srcset=\"https:\/\/artrenov974.com\/wp-content\/uploads\/2021\/03\/ouverture-baie.jpg 1024w, https:\/\/artrenov974.com\/wp-content\/uploads\/2021\/03\/ouverture-baie-300x200.jpg 300w, https:\/\/artrenov974.com\/wp-content\/uploads\/2021\/03\/ouverture-baie-768x512.jpg 768w\" sizes=\"(max-width: 640px) 100vw, 640px\" \/>\t\t\t\t\t\t\t\t\t\t\t\t\t\t<\/div>\n\t\t\t\t\t\t<\/div>\n\t\t\t\t<\/div>\n\t\t\t\t\t\t<\/div>\n\t\t\t\t\t<\/div>\n\t\t<\/div>\n\t\t\t\t\t\t\t\t<\/div>\n\t\t\t\t\t<\/div>\n\t\t<\/section>\n\t\t\t\t\t\t<\/div>\n\t\t\t\t\t<\/div>\n\t\t<\/div>\n\t\t\t\t\t\t\t\t<\/div>\n\t\t\t\t\t<\/div>\n\t\t<\/section>\n\t\t\t\t<section class=\"elementor-section elementor-top-section elementor-element elementor-element-90fd281 elementor-section-boxed elementor-section-height-default elementor-section-height-default\" data-id=\"90fd281\" data-element_type=\"section\">\n\t\t\t\t\t\t<div class=\"elementor-container elementor-column-gap-default\">\n\t\t\t\t\t\t\t<div class=\"elementor-row\">\n\t\t\t\t\t<div class=\"elementor-column elementor-col-100 elementor-top-column elementor-element elementor-element-649c8ac\" data-id=\"649c8ac\" data-element_type=\"column\">\n\t\t\t<div class=\"elementor-column-wrap elementor-element-populated\">\n\t\t\t\t\t\t\t<div class=\"elementor-widget-wrap\">\n\t\t\t\t\t\t<div class=\"elementor-element elementor-element-f98ef61 elementor-widget elementor-widget-text-editor\" data-id=\"f98ef61\" data-element_type=\"widget\" data-widget_type=\"text-editor.default\">\n\t\t\t\t<div class=\"elementor-widget-container\">\n\t\t\t\t\t\t\t\t<div class=\"elementor-text-editor elementor-clearfix\">\n\t\t\t\t\t<p>Nous pouvons \u00e9galement vous recommander des solutions alternatives moins co\u00fbteuses et plus rapides \u00e0 mettre en \u0153uvre, sans compromettre la qualit\u00e9.<\/p>\t\t\t\t\t<\/div>\n\t\t\t\t\t\t<\/div>\n\t\t\t\t<\/div>\n\t\t\t\t\t\t<\/div>\n\t\t\t\t\t<\/div>\n\t\t<\/div>\n\t\t\t\t\t\t\t\t<\/div>\n\t\t\t\t\t<\/div>\n\t\t<\/section>\n\t\t\t\t<section class=\"elementor-section elementor-top-section elementor-element elementor-element-4253498 elementor-section-boxed elementor-section-height-default elementor-section-height-default\" data-id=\"4253498\" data-element_type=\"section\">\n\t\t\t\t\t\t<div class=\"elementor-container elementor-column-gap-default\">\n\t\t\t\t\t\t\t<div class=\"elementor-row\">\n\t\t\t\t\t<div class=\"elementor-column elementor-col-100 elementor-top-column elementor-element elementor-element-5fd928e\" data-id=\"5fd928e\" data-element_type=\"column\">\n\t\t\t<div class=\"elementor-column-wrap elementor-element-populated\">\n\t\t\t\t\t\t\t<div class=\"elementor-widget-wrap\">\n\t\t\t\t\t\t<section class=\"elementor-section elementor-inner-section elementor-element elementor-element-75f09ed elementor-section-boxed elementor-section-height-default elementor-section-height-default\" data-id=\"75f09ed\" data-element_type=\"section\">\n\t\t\t\t\t\t<div class=\"elementor-container elementor-column-gap-default\">\n\t\t\t\t\t\t\t<div class=\"elementor-row\">\n\t\t\t\t\t<div class=\"elementor-column elementor-col-50 elementor-inner-column elementor-element elementor-element-f497a1b\" data-id=\"f497a1b\" data-element_type=\"column\">\n\t\t\t<div class=\"elementor-column-wrap elementor-element-populated\">\n\t\t\t\t\t\t\t<div class=\"elementor-widget-wrap\">\n\t\t\t\t\t\t<div class=\"elementor-element elementor-element-ee3e7fc elementor-widget elementor-widget-image\" data-id=\"ee3e7fc\" data-element_type=\"widget\" data-widget_type=\"image.default\">\n\t\t\t\t<div class=\"elementor-widget-container\">\n\t\t\t\t\t\t\t\t<div class=\"elementor-image\">\n\t\t\t\t\t\t\t\t\t\t\t\t<img width=\"640\" height=\"427\" src=\"https:\/\/artrenov974.com\/wp-content\/uploads\/2021\/03\/mur-maison-1.jpg\" class=\"attachment-large size-large\" alt=\"Mur ma\u00e7onnerie\" loading=\"lazy\" srcset=\"https:\/\/artrenov974.com\/wp-content\/uploads\/2021\/03\/mur-maison-1.jpg 1024w, https:\/\/artrenov974.com\/wp-content\/uploads\/2021\/03\/mur-maison-1-300x200.jpg 300w, https:\/\/artrenov974.com\/wp-content\/uploads\/2021\/03\/mur-maison-1-768x512.jpg 768w\" sizes=\"(max-width: 640px) 100vw, 640px\" \/>\t\t\t\t\t\t\t\t\t\t\t\t\t\t<\/div>\n\t\t\t\t\t\t<\/div>\n\t\t\t\t<\/div>\n\t\t\t\t\t\t<\/div>\n\t\t\t\t\t<\/div>\n\t\t<\/div>\n\t\t\t\t<div class=\"elementor-column elementor-col-50 elementor-inner-column elementor-element elementor-element-f81f40f\" data-id=\"f81f40f\" data-element_type=\"column\">\n\t\t\t<div class=\"elementor-column-wrap elementor-element-populated\">\n\t\t\t\t\t\t\t<div class=\"elementor-widget-wrap\">\n\t\t\t\t\t\t<div class=\"elementor-element elementor-element-dcf2b1f elementor-widget elementor-widget-image\" data-id=\"dcf2b1f\" data-element_type=\"widget\" data-widget_type=\"image.default\">\n\t\t\t\t<div class=\"elementor-widget-container\">\n\t\t\t\t\t\t\t\t<div class=\"elementor-image\">\n\t\t\t\t\t\t\t\t\t\t\t\t<img width=\"640\" height=\"427\" src=\"https:\/\/artrenov974.com\/wp-content\/uploads\/2021\/03\/ouverture-fenetre.jpg\" class=\"attachment-large size-large\" alt=\"ouverture fenetre\" loading=\"lazy\" srcset=\"https:\/\/artrenov974.com\/wp-content\/uploads\/2021\/03\/ouverture-fenetre.jpg 1024w, https:\/\/artrenov974.com\/wp-content\/uploads\/2021\/03\/ouverture-fenetre-300x200.jpg 300w, https:\/\/artrenov974.com\/wp-content\/uploads\/2021\/03\/ouverture-fenetre-768x512.jpg 768w\" sizes=\"(max-width: 640px) 100vw, 640px\" \/>\t\t\t\t\t\t\t\t\t\t\t\t\t\t<\/div>\n\t\t\t\t\t\t<\/div>\n\t\t\t\t<\/div>\n\t\t\t\t\t\t<\/div>\n\t\t\t\t\t<\/div>\n\t\t<\/div>\n\t\t\t\t\t\t\t\t<\/div>\n\t\t\t\t\t<\/div>\n\t\t<\/section>\n\t\t\t\t\t\t<\/div>\n\t\t\t\t\t<\/div>\n\t\t<\/div>\n\t\t\t\t\t\t\t\t<\/div>\n\t\t\t\t\t<\/div>\n\t\t<\/section>\n\t\t\t\t<section class=\"elementor-section elementor-top-section elementor-element elementor-element-8fa89d0 elementor-section-boxed elementor-section-height-default elementor-section-height-default\" data-id=\"8fa89d0\" data-element_type=\"section\">\n\t\t\t\t\t\t<div class=\"elementor-container elementor-column-gap-default\">\n\t\t\t\t\t\t\t<div class=\"elementor-row\">\n\t\t\t\t\t<div class=\"elementor-column elementor-col-100 elementor-top-column elementor-element elementor-element-8c07590\" data-id=\"8c07590\" data-element_type=\"column\">\n\t\t\t<div class=\"elementor-column-wrap elementor-element-populated\">\n\t\t\t\t\t\t\t<div class=\"elementor-widget-wrap\">\n\t\t\t\t\t\t<div class=\"elementor-element elementor-element-843d070 elementor-widget elementor-widget-text-editor\" data-id=\"843d070\" data-element_type=\"widget\" data-widget_type=\"text-editor.default\">\n\t\t\t\t<div class=\"elementor-widget-container\">\n\t\t\t\t\t\t\t\t<div class=\"elementor-text-editor elementor-clearfix\">\n\t\t\t\t\t<p><strong><em>N&rsquo;h\u00e9sitez pas \u00e0 nous contacter pour plus d&rsquo;informations, ArtRenov 974 se fera un plaisir de vous r\u00e9pondre !<\/em><\/strong><\/p>\t\t\t\t\t<\/div>\n\t\t\t\t\t\t<\/div>\n\t\t\t\t<\/div>\n\t\t\t\t\t\t<\/div>\n\t\t\t\t\t<\/div>\n\t\t<\/div>\n\t\t\t\t\t\t\t\t<\/div>\n\t\t\t\t\t<\/div>\n\t\t<\/section>\n\t\t\t\t\t\t<\/div>\n\t\t\t\t\t\t<\/div>\n\t\t\t\t\t<\/div>\n\t\t","protected":false},"excerpt":{"rendered":"<p>la ma\u00e7onnerie notre c\u0153ur de m\u00e9tier ArtRenov974 r\u00e9alise tous types de travaux de ma\u00e7onnerie : mur parpaings, mur banchers, cr\u00e9ations d&rsquo;ouvertures fen\u00eatres et portes, piscine en dur, mur de maison, clot\u00fbre&#8230; Toute notre \u00e9quipe est disponible pour vous rendre service pour effectuer tous types de travaux dans le domaine du b\u00e2timent ! Nous pouvons \u00e9galement [&hellip;]<\/p>\n","protected":false},"author":1,"featured_media":0,"parent":0,"menu_order":0,"comment_status":"closed","ping_status":"closed","template":"","meta":[],"yoast_head":"<!-- This site is optimized with the Yoast SEO plugin v16.7 - https:\/\/yoast.com\/wordpress\/plugins\/seo\/ -->\n<title>Ma\u00e7onnerie - Artrenov974<\/title>\n<meta name=\"robots\" content=\"index, follow, max-snippet:-1, max-image-preview:large, max-video-preview:-1\" \/>\n<link rel=\"canonical\" href=\"https:\/\/artrenov974.com\/index.php\/maconnerie\/\" \/>\n<meta property=\"og:locale\" content=\"fr_FR\" \/>\n<meta property=\"og:type\" content=\"article\" \/>\n<meta property=\"og:title\" content=\"Ma\u00e7onnerie - Artrenov974\" \/>\n<meta property=\"og:description\" content=\"la ma\u00e7onnerie notre c\u0153ur de m\u00e9tier ArtRenov974 r\u00e9alise tous types de travaux de ma\u00e7onnerie : mur parpaings, mur banchers, cr\u00e9ations d&rsquo;ouvertures fen\u00eatres et portes, piscine en dur, mur de maison, clot\u00fbre&#8230; Toute notre \u00e9quipe est disponible pour vous rendre service pour effectuer tous types de travaux dans le domaine du b\u00e2timent ! Nous pouvons \u00e9galement [&hellip;]\" \/>\n<meta property=\"og:url\" content=\"https:\/\/artrenov974.com\/index.php\/maconnerie\/\" \/>\n<meta property=\"og:site_name\" content=\"Artrenov974\" \/>\n<meta property=\"article:publisher\" content=\"https:\/\/www.facebook.com\/trontin.bruno.7\" \/>\n<meta property=\"article:modified_time\" content=\"2021-05-02T05:23:52+00:00\" \/>\n<meta property=\"og:image\" content=\"http:\/\/artrenov974.com\/wp-content\/uploads\/2021\/03\/maconnerie.jpg\" \/>\n<meta name=\"twitter:card\" content=\"summary_large_image\" \/>\n<script type=\"application\/ld+json\" class=\"yoast-schema-graph\">{\"@context\":\"https:\/\/schema.org\",\"@graph\":[{\"@type\":\"WebSite\",\"@id\":\"https:\/\/artrenov974.com\/#website\",\"url\":\"https:\/\/artrenov974.com\/\",\"name\":\"Artrenov974\",\"description\":\"Travaux de l&#039;habitat\",\"potentialAction\":[{\"@type\":\"SearchAction\",\"target\":{\"@type\":\"EntryPoint\",\"urlTemplate\":\"https:\/\/artrenov974.com\/?s={search_term_string}\"},\"query-input\":\"required name=search_term_string\"}],\"inLanguage\":\"fr-FR\"},{\"@type\":\"ImageObject\",\"@id\":\"https:\/\/artrenov974.com\/index.php\/maconnerie\/#primaryimage\",\"inLanguage\":\"fr-FR\",\"url\":\"http:\/\/artrenov974.com\/wp-content\/uploads\/2021\/03\/maconnerie.jpg\",\"contentUrl\":\"http:\/\/artrenov974.com\/wp-content\/uploads\/2021\/03\/maconnerie.jpg\"},{\"@type\":\"WebPage\",\"@id\":\"https:\/\/artrenov974.com\/index.php\/maconnerie\/#webpage\",\"url\":\"https:\/\/artrenov974.com\/index.php\/maconnerie\/\",\"name\":\"Ma\\u00e7onnerie - Artrenov974\",\"isPartOf\":{\"@id\":\"https:\/\/artrenov974.com\/#website\"},\"primaryImageOfPage\":{\"@id\":\"https:\/\/artrenov974.com\/index.php\/maconnerie\/#primaryimage\"},\"datePublished\":\"2020-09-28T05:26:02+00:00\",\"dateModified\":\"2021-05-02T05:23:52+00:00\",\"breadcrumb\":{\"@id\":\"https:\/\/artrenov974.com\/index.php\/maconnerie\/#breadcrumb\"},\"inLanguage\":\"fr-FR\",\"potentialAction\":[{\"@type\":\"ReadAction\",\"target\":[\"https:\/\/artrenov974.com\/index.php\/maconnerie\/\"]}]},{\"@type\":\"BreadcrumbList\",\"@id\":\"https:\/\/artrenov974.com\/index.php\/maconnerie\/#breadcrumb\",\"itemListElement\":[{\"@type\":\"ListItem\",\"position\":1,\"name\":\"Accueil\",\"item\":\"https:\/\/artrenov974.com\/\"},{\"@type\":\"ListItem\",\"position\":2,\"name\":\"Ma\\u00e7onnerie\"}]}]}<\/script>\n<!-- \/ Yoast SEO plugin. -->","yoast_head_json":{"title":"Ma\u00e7onnerie - Artrenov974","robots":{"index":"index","follow":"follow","max-snippet":"max-snippet:-1","max-image-preview":"max-image-preview:large","max-video-preview":"max-video-preview:-1"},"canonical":"https:\/\/artrenov974.com\/index.php\/maconnerie\/","og_locale":"fr_FR","og_type":"article","og_title":"Ma\u00e7onnerie - Artrenov974","og_description":"la ma\u00e7onnerie notre c\u0153ur de m\u00e9tier ArtRenov974 r\u00e9alise tous types de travaux de ma\u00e7onnerie : mur parpaings, mur banchers, cr\u00e9ations d&rsquo;ouvertures fen\u00eatres et portes, piscine en dur, mur de maison, clot\u00fbre&#8230; Toute notre \u00e9quipe est disponible pour vous rendre service pour effectuer tous types de travaux dans le domaine du b\u00e2timent ! Nous pouvons \u00e9galement [&hellip;]","og_url":"https:\/\/artrenov974.com\/index.php\/maconnerie\/","og_site_name":"Artrenov974","article_publisher":"https:\/\/www.facebook.com\/trontin.bruno.7","article_modified_time":"2021-05-02T05:23:52+00:00","og_image":[{"url":"http:\/\/artrenov974.com\/wp-content\/uploads\/2021\/03\/maconnerie.jpg"}],"twitter_card":"summary_large_image","schema":{"@context":"https:\/\/schema.org","@graph":[{"@type":"WebSite","@id":"https:\/\/artrenov974.com\/#website","url":"https:\/\/artrenov974.com\/","name":"Artrenov974","description":"Travaux de l&#039;habitat","potentialAction":[{"@type":"SearchAction","target":{"@type":"EntryPoint","urlTemplate":"https:\/\/artrenov974.com\/?s={search_term_string}"},"query-input":"required name=search_term_string"}],"inLanguage":"fr-FR"},{"@type":"ImageObject","@id":"https:\/\/artrenov974.com\/index.php\/maconnerie\/#primaryimage","inLanguage":"fr-FR","url":"http:\/\/artrenov974.com\/wp-content\/uploads\/2021\/03\/maconnerie.jpg","contentUrl":"http:\/\/artrenov974.com\/wp-content\/uploads\/2021\/03\/maconnerie.jpg"},{"@type":"WebPage","@id":"https:\/\/artrenov974.com\/index.php\/maconnerie\/#webpage","url":"https:\/\/artrenov974.com\/index.php\/maconnerie\/","name":"Ma\u00e7onnerie - Artrenov974","isPartOf":{"@id":"https:\/\/artrenov974.com\/#website"},"primaryImageOfPage":{"@id":"https:\/\/artrenov974.com\/index.php\/maconnerie\/#primaryimage"},"datePublished":"2020-09-28T05:26:02+00:00","dateModified":"2021-05-02T05:23:52+00:00","breadcrumb":{"@id":"https:\/\/artrenov974.com\/index.php\/maconnerie\/#breadcrumb"},"inLanguage":"fr-FR","potentialAction":[{"@type":"ReadAction","target":["https:\/\/artrenov974.com\/index.php\/maconnerie\/"]}]},{"@type":"BreadcrumbList","@id":"https:\/\/artrenov974.com\/index.php\/maconnerie\/#breadcrumb","itemListElement":[{"@type":"ListItem","position":1,"name":"Accueil","item":"https:\/\/artrenov974.com\/"},{"@type":"ListItem","position":2,"name":"Ma\u00e7onnerie"}]}]}},"_links":{"self":[{"href":"https:\/\/artrenov974.com\/index.php\/wp-json\/wp\/v2\/pages\/7"}],"collection":[{"href":"https:\/\/artrenov974.com\/index.php\/wp-json\/wp\/v2\/pages"}],"about":[{"href":"https:\/\/artrenov974.com\/index.php\/wp-json\/wp\/v2\/types\/page"}],"author":[{"embeddable":true,"href":"https:\/\/artrenov974.com\/index.php\/wp-json\/wp\/v2\/users\/1"}],"replies":[{"embeddable":true,"href":"https:\/\/artrenov974.com\/index.php\/wp-json\/wp\/v2\/comments?post=7"}],"version-history":[{"count":48,"href":"https:\/\/artrenov974.com\/index.php\/wp-json\/wp\/v2\/pages\/7\/revisions"}],"predecessor-version":[{"id":688,"href":"https:\/\/artrenov974.com\/index.php\/wp-json\/wp\/v2\/pages\/7\/revisions\/688"}],"wp:attachment":[{"href":"https:\/\/artrenov974.com\/index.php\/wp-json\/wp\/v2\/media?parent=7"}],"curies":[{"name":"wp","href":"https:\/\/api.w.org\/{rel}","templated":true}]}}